{"id":18,"date":"2020-12-08T09:08:18","date_gmt":"2020-12-08T08:08:18","guid":{"rendered":"http:\/\/nap.localhost\/?page_id=18"},"modified":"2023-11-01T15:14:17","modified_gmt":"2023-11-01T14:14:17","slug":"uvodni-stranka","status":"publish","type":"page","link":"https:\/\/portaltest.nacr.cz\/cro\/","title":{"rendered":"\u00davodn\u00ed str\u00e1nka"},"content":{"rendered":"\n<p class=\"has-text-align-center\"><\/p>\n\n\n\n<div class=\"wp-block-image\"><figure class=\"aligncenter size-medium\"><a href=\"https:\/\/portaltest.nacr.cz\/cro\/svetovy-den-digitalni-archivace-2-11\/\"><img decoding=\"async\" loading=\"lazy\" width=\"300\" height=\"96\" src=\"https:\/\/portaltest.nacr.cz\/cro\/wp-content\/uploads\/2023\/11\/WDPD2023-Czech-Landscape-RGB-002-300x96.png\" alt=\"\" class=\"wp-image-1033\" srcset=\"https:\/\/portaltest.nacr.cz\/cro\/wp-content\/uploads\/2023\/11\/WDPD2023-Czech-Landscape-RGB-002-300x96.png 300w, https:\/\/portaltest.nacr.cz\/cro\/wp-content\/uploads\/2023\/11\/WDPD2023-Czech-Landscape-RGB-002-1024x329.png 1024w, https:\/\/portaltest.nacr.cz\/cro\/wp-content\/uploads\/2023\/11\/WDPD2023-Czech-Landscape-RGB-002-768x247.png 768w, https:\/\/portaltest.nacr.cz\/cro\/wp-content\/uploads\/2023\/11\/WDPD2023-Czech-Landscape-RGB-002.png 1205w\" sizes=\"(max-width: 300px) 100vw, 300px\" \/><\/a><\/figure><\/div>\n\n\n<div class=\"grid\">\n    <div class=\"grid__wrapper\">\n        <div class=\"grid__line\">\n                <div class=\"grid__item\">\n                    <a class=\"grid__box grid__box_color_red\" href=\"\/cro\/pro-badatele\">\n                        <div class=\"grid__title\">pro Badatele<i class=\"grid__fas fas fa-angle-right\"><\/i><\/div>\n                    <\/a>\n                <\/div>\n                <div class=\"grid__item\">\n                    <a class=\"grid__box grid__box_color_yellow\" href=\"\/cro\/pro-puvodce\">\n                        <div class=\"grid__title\">pro P\u016fvodce<i class=\"grid__fas fas fa-angle-right\"><\/i><\/div>\n                    <\/a>\n                <\/div>\n            <div class=\"grid__item\">\n                    <a class=\"grid__box grid__box_color_green\" href=\"\/cro\/pro-archivare\">\n                        <div class=\"grid__title\">pro Archiv\u00e1\u0159e<i class=\"grid__fas fas fa-angle-right\"><\/i><\/div>\n                    <\/a>\n                <\/div>\n        <\/div>\n        <div class=\"grid__line\">\n            \n        <\/div>\n    <\/div>\n<\/div>\n\n<p><\/p>\n\n\n<\/p>\n<div style=\"height:20px\" aria-hidden=\"true\" class=\"wp-block-spacer\"><\/div>\n<p>\n\n\n<p><\/p>\n\n<div class=\"grid\">\n    <div class=\"grid__wrapper\">\n        <div class=\"grid__line\">\n                <div class=\"grid__item\">\n                    <a class=\"grid__box grid__box_color_blue\" href=\"\/aron\/\">\n                        <div class=\"grid__title\">eBadatelna<i class=\"grid__fas fas fa-angle-right\"><\/i><\/div>\n                    <\/a>\n                <\/div>\n                <div class=\"grid__item\">\n                    <a class=\"grid__box grid__box_color_blue-light grid__box_width_2\" href=\"https:\/\/portaltest.nacr.cz\/cro\/kategorie\/informace-a-oznameni\/\">\n                        <div class=\"grid__title\">Informace a ozn\u00e1men\u00ed<i class=\"grid__fas fas fa-angle-right\"><\/i><\/div>\n                        <div class=\"grid__list\">\n                                <div class=\"grid__li\"><i class=\"fas fa-bolt\"><\/i>Aktualizace port\u00e1lu 25. 6. 2024 <\/div>\n                                <div class=\"grid__li\"><i class=\"fas fa-bolt\"><\/i>Sv\u011btov\u00fd den digit\u00e1ln\u00ed archivace 2. 11. <\/div>\n                        <\/div>\n                    <\/a>\n                <\/div>\n        <\/div>\n        <div class=\"grid__line\">\n            \n        <\/div>\n    <\/div>\n<\/div>\n\n<p><\/p>\n\n\n<\/p>\n<p>\n\n\n<p><\/p>","protected":false},"excerpt":{"rendered":"","protected":false},"author":1,"featured_media":0,"parent":0,"menu_order":0,"comment_status":"closed","ping_status":"closed","template":"page-templates\/page-homepage.php","meta":{"footnotes":""},"_links":{"self":[{"href":"https:\/\/portaltest.nacr.cz\/cro\/wp-json\/wp\/v2\/pages\/18"}],"collection":[{"href":"https:\/\/portaltest.nacr.cz\/cro\/wp-json\/wp\/v2\/pages"}],"about":[{"href":"https:\/\/portaltest.nacr.cz\/cro\/wp-json\/wp\/v2\/types\/page"}],"author":[{"embeddable":true,"href":"https:\/\/portaltest.nacr.cz\/cro\/wp-json\/wp\/v2\/users\/1"}],"replies":[{"embeddable":true,"href":"https:\/\/portaltest.nacr.cz\/cro\/wp-json\/wp\/v2\/comments?post=18"}],"version-history":[{"count":53,"href":"https:\/\/portaltest.nacr.cz\/cro\/wp-json\/wp\/v2\/pages\/18\/revisions"}],"predecessor-version":[{"id":1035,"href":"https:\/\/portaltest.nacr.cz\/cro\/wp-json\/wp\/v2\/pages\/18\/revisions\/1035"}],"wp:attachment":[{"href":"https:\/\/portaltest.nacr.cz\/cro\/wp-json\/wp\/v2\/media?parent=18"}],"curies":[{"name":"wp","href":"https:\/\/api.w.org\/{rel}","templated":true}]}}