{"id":318,"date":"2021-01-23T12:17:09","date_gmt":"2021-01-23T11:17:09","guid":{"rendered":"https:\/\/portalvyvoj.nacr.cz\/cro\/?page_id=318"},"modified":"2021-03-18T12:00:14","modified_gmt":"2021-03-18T11:00:14","slug":"vyber-a-predani-archivalii-puvodcem","status":"publish","type":"page","link":"https:\/\/portaltest.nacr.cz\/cro\/pro-puvodce\/vyber-a-predani-archivalii-puvodcem\/","title":{"rendered":"V\u00fdb\u011br a p\u0159ed\u00e1n\u00ed archiv\u00e1li\u00ed p\u016fvodcem"},"content":{"rendered":"\n<p class=\"has-medium-font-size\">UPOZORN\u011aN\u00cd: Pro <a href=\"\/cro\/registrace-a-prihlaseni-2\/\" data-type=\"URL\" data-id=\"\/cro\/registrace-a-prihlaseni-2\/\">mo\u017enost prov\u00e1d\u011bt v\u00fdb\u011br a p\u0159ed\u00e1n\u00ed<\/a> archiv\u00e1li\u00ed a jejich metadat je nutno kontaktovat p\u0159\u00edslu\u0161n\u00fd archiv.<\/p>\n\n\n<div class=\"grid\">\n    <div class=\"grid__wrapper\">\n        <div class=\"grid__line\">\n                <div class=\"grid__item\">\n                    <a class=\"grid__box grid__box_color_yellow\" href=\"\/eskartace\">\n                        <div class=\"grid__title\">eV\u00fdb\u011br<i class=\"grid__fas fas fa-angle-right\"><\/i><\/div>\n                    <\/a>\n                <\/div>\n                <div class=\"grid__item\">\n                    <a class=\"grid__box grid__box_color_yellow\" href=\"\/eprejimka\">\n                        <div class=\"grid__title\">eP\u0159ed\u00e1n\u00ed<i class=\"grid__fas fas fa-angle-right\"><\/i><\/div>\n                    <\/a>\n                <\/div>\n                <div class=\"grid__item\">\n                    <a class=\"grid__box grid__box_color_yellow\" href=\"\/cro\/pro-puvodce\/navody\/\">\n                        <div class=\"grid__title\">N\u00e1vody<i class=\"grid__fas fas fa-angle-right\"><\/i><\/div>\n                    <\/a>\n                <\/div>\n        <\/div>\n    <\/div>\n<\/div>\n\n\n\n<p class=\"has-text-align-left\">V\u00fdb\u011br a p\u0159\u00edjem archiv\u00e1li\u00ed v digit\u00e1ln\u00ed podob\u011b a jejich metadat d\u00e1lkov\u00fdm p\u0159\u00edstupem je dle \u00a7 18b odst. 4 p\u00edsm a) z\u00e1kona 499\/2004 Sb., o archivnictv\u00ed a spisov\u00e9 slu\u017eb\u011b,  jednou z kl\u00ed\u010dov\u00fdch funkcionalit n\u00e1rodn\u00edho port\u00e1lu.<\/p>\n\n\n\n<p>Port\u00e1l zaji\u0161\u0165uje p\u0159\u00edmou podporu pro:<br>1) p\u0159\u00edslu\u0161n\u00fd archiv (p\u0159ed\u00e1n\u00ed nahran\u00fdch dat, podpora pro v\u00fdb\u011br, podklady pro rozhodnut\u00ed, informace o ulo\u017een\u00ed, podklady pro z\u00e1znam o p\u0159ed\u00e1n\u00ed)<br>2) p\u016fvodce (nahr\u00e1n\u00ed dat, seznam pro skarta\u010dn\u00ed n\u00e1vrh, pr\u016fb\u011b\u017en\u00e9 a kone\u010dn\u00e9 v\u00fdsledky \u2013 extern\u011b)<\/p>\n\n\n\n<p><strong>V\u00fdznam<br><\/strong>1. umo\u017en\u011bn\u00ed v\u00fdb\u011bru a ulo\u017een\u00ed dokument\u016f v digit\u00e1ln\u00ed podob\u011b ve strukturovan\u00e9 podob\u011b (textov\u00e9 soubory, obr\u00e1zky, datab\u00e1ze atd.)<br>2. vyu\u017eit\u00ed eviden\u010dn\u00edch \u00fadaj\u016f z eviden\u010dn\u00edch pom\u016fcek po celou dobu \u017eivotn\u00edho cyklu dokumentu (jak pro analogov\u00e9 tak pro digit\u00e1ln\u00ed dokumenty v\u010detn\u011b archivn\u00edho zpracov\u00e1n\u00ed)<\/p>\n\n\n\n<figure class=\"wp-block-image size-large\"><img decoding=\"async\" loading=\"lazy\" width=\"793\" height=\"301\" src=\"https:\/\/portalvyvoj.nacr.cz\/cro\/wp-content\/uploads\/2021\/01\/image-2.png\" alt=\"\" class=\"wp-image-322\" srcset=\"https:\/\/portaltest.nacr.cz\/cro\/wp-content\/uploads\/2021\/01\/image-2.png 793w, https:\/\/portaltest.nacr.cz\/cro\/wp-content\/uploads\/2021\/01\/image-2-300x114.png 300w, https:\/\/portaltest.nacr.cz\/cro\/wp-content\/uploads\/2021\/01\/image-2-768x292.png 768w\" sizes=\"(max-width: 793px) 100vw, 793px\" \/><figcaption><span class=\"has-inline-color has-black-color\">\u017divotn\u00ed cyklus dokumentu s ukon\u010den\u00edm z\u00e1znamu v eviden\u010dn\u00ed pom\u016fcce p\u0159i vy\u0159\u00edzen\u00ed<\/span><\/figcaption><\/figure>\n\n\n\n<p><\/p>\n","protected":false},"excerpt":{"rendered":"UPOZORN\u011aN\u00cd: Pro mo\u017enost prov\u00e1d\u011bt v\u00fdb\u011br a p\u0159ed\u00e1n\u00ed archiv\u00e1li\u00ed a jejich metadat je nutno kontaktovat p\u0159\u00edslu\u0161n\u00fd archiv. V\u00fdb\u011br a p\u0159\u00edjem archiv\u00e1li\u00ed v digit\u00e1ln\u00ed podob\u011b a jejich metadat d\u00e1lkov\u00fdm p\u0159\u00edstupem je dle \u00a7 18b odst. 4 p\u00edsm a) z\u00e1kona 499\/2004 Sb., o archivnictv\u00ed a spisov\u00e9 slu\u017eb\u011b, jednou z kl\u00ed\u010dov\u00fdch funkcionalit n\u00e1rodn\u00edho port\u00e1lu. Port\u00e1l zaji\u0161\u0165uje p\u0159\u00edmou podporu pro:1) [&hellip;]","protected":false},"author":3,"featured_media":0,"parent":83,"menu_order":10,"comment_status":"closed","ping_status":"closed","template":"page-templates\/page-container.php","meta":{"footnotes":""},"_links":{"self":[{"href":"https:\/\/portaltest.nacr.cz\/cro\/wp-json\/wp\/v2\/pages\/318"}],"collection":[{"href":"https:\/\/portaltest.nacr.cz\/cro\/wp-json\/wp\/v2\/pages"}],"about":[{"href":"https:\/\/portaltest.nacr.cz\/cro\/wp-json\/wp\/v2\/types\/page"}],"author":[{"embeddable":true,"href":"https:\/\/portaltest.nacr.cz\/cro\/wp-json\/wp\/v2\/users\/3"}],"replies":[{"embeddable":true,"href":"https:\/\/portaltest.nacr.cz\/cro\/wp-json\/wp\/v2\/comments?post=318"}],"version-history":[{"count":23,"href":"https:\/\/portaltest.nacr.cz\/cro\/wp-json\/wp\/v2\/pages\/318\/revisions"}],"predecessor-version":[{"id":461,"href":"https:\/\/portaltest.nacr.cz\/cro\/wp-json\/wp\/v2\/pages\/318\/revisions\/461"}],"up":[{"embeddable":true,"href":"https:\/\/portaltest.nacr.cz\/cro\/wp-json\/wp\/v2\/pages\/83"}],"wp:attachment":[{"href":"https:\/\/portaltest.nacr.cz\/cro\/wp-json\/wp\/v2\/media?parent=318"}],"curies":[{"name":"wp","href":"https:\/\/api.w.org\/{rel}","templated":true}]}}