{"id":945,"date":"2023-07-27T09:54:58","date_gmt":"2023-07-27T07:54:58","guid":{"rendered":"https:\/\/portaltest.nacr.cz\/cro\/?page_id=945"},"modified":"2023-07-27T10:38:15","modified_gmt":"2023-07-27T08:38:15","slug":"skupiny-tematicke-evidence","status":"publish","type":"page","link":"https:\/\/portaltest.nacr.cz\/cro\/skupiny-tematicke-evidence\/","title":{"rendered":"Skupiny tematick\u00e9 evidence"},"content":{"rendered":"\n<p class=\"has-text-align-right\"><a href=\"https:\/\/portaltest.nacr.cz\/cro\/pro-badatele\/co-a-jak-hledat\/\">&#8230; Co a jak hledat<\/a><\/p>\n\n\n\n<p>Skupiny tematick\u00e9 evidence jsou pojmy ozna\u010duj\u00edc\u00ed spole\u010dn\u00e9 znaky ur\u010dit\u00e9ho typu archivn\u00edch soubor\u016f. Zpravidla jde o&nbsp;pojmy v\u00fdznamov\u011b nad\u0159azen\u00e9, obecn\u011bj\u0161\u00ed ne\u017e&nbsp;n\u00e1zvy jednotliv\u00fdch fond\u016f. Jednotliv\u00e9 archivn\u00ed fondy a&nbsp;sb\u00edrky jsou za\u0159azov\u00e1ny do&nbsp;jedn\u00e9 i&nbsp;v\u00edce skupin tematick\u00e9 evidence. V\u00fdhodou t\u011bchto skupin je, \u017ee pomoc\u00ed nich m\u016f\u017eeme hromadn\u011b hledat archivn\u00ed soubory z&nbsp;p\u0159\u00edslu\u0161n\u00e9 skupiny, ani\u017e bychom znali nap\u0159\u00edklad p\u0159esn\u00fd n\u00e1zev fondu. Hled\u00e1me-li nap\u0159\u00edklad v\u0161echny archivn\u00ed fondy vztahuj\u00edc\u00ed se k&nbsp;t\u011b\u017eb\u011b uhl\u00ed, zad\u00e1me skupinu<strong> 150111 Dob\u00fdv\u00e1n\u00ed a&nbsp;\u00faprava uhl\u00ed (doly, briket\u00e1rny, koks\u00e1rny apod.). <\/strong>Je mo\u017en\u00e9 zadat i&nbsp;obecn\u011bj\u0161\u00ed skupinu<strong> 150100 Doly, hut\u011b, t\u011b\u017eba ropy a&nbsp;zemn\u00edho plynu<\/strong> \u010di je\u0161t\u011b obecn\u011bj\u0161\u00ed skupinu<strong> 150000 Podniky.<\/strong> Nejobecn\u011bj\u0161\u00edm skupin\u00e1m se \u0159\u00edk\u00e1 hlavn\u00ed skupiny tematick\u00e9 evidence a&nbsp;ty d\u00e1le \u010dlen\u00edme na&nbsp;podskupiny podle&nbsp;bli\u017e\u0161\u00ed specifikace. V&nbsp;na\u0161em p\u0159\u00edklad\u011b byla hlavn\u00ed skupinou skupina 150000 Podniky, podskupinou 150100 a&nbsp;dal\u0161\u00ed (vno\u0159enou) podskupinou 150111.<\/p>\n\n\n\n<p>Hled\u00e1n\u00ed podle skupiny tematick\u00e9 evidence m\u016f\u017eeme kombinovat s&nbsp;jin\u00fdmi podm\u00ednkami. Hled\u00e1me-li nap\u0159\u00edklad fondy vztahuj\u00edc\u00ed se k&nbsp;t\u011b\u017eb\u011b uhl\u00ed na&nbsp;Kladn\u011b, zad\u00e1me skupinu<strong> 150111 Dob\u00fdv\u00e1n\u00ed a&nbsp;\u00faprava uhl\u00ed (doly, briket\u00e1rny, koks\u00e1rny apod.)<\/strong> a&nbsp;m\u00edsto vzniku Kladno<strong>.<\/strong><\/p>\n\n\n\n<p><strong>P\u0159\u00edklad \u010d\u00e1sti stromov\u00e9 struktury \u010d\u00edseln\u00edku skupin tematick\u00e9 evidence:<\/strong><\/p>\n\n\n\n<ul><li>01000 \u00dast\u0159edn\u00ed \u00fa\u0159ady a&nbsp;jejich odborn\u00e9 organizace a&nbsp;za\u0159\u00edzen\u00ed<ul><li>010100 \u00dast\u0159edn\u00ed \u00fa\u0159ady a&nbsp;jejich odborn\u00e9 za\u0159\u00edzen\u00ed do&nbsp;roku&nbsp;1918<\/li><li>010200 \u00dast\u0159edn\u00ed \u00fa\u0159ady a&nbsp;jejich odborn\u00e1 za\u0159\u00edzen\u00ed po&nbsp;roce&nbsp;1918<ul><li>010201 \u00dast\u0159edn\u00ed \u00fa\u0159ady a&nbsp;jejich odborn\u00e1 za\u0159\u00edzen\u00ed po&nbsp;roce&nbsp;1918, celost\u00e1tn\u00ed (feder\u00e1ln\u00ed po&nbsp;1. 1.&nbsp;1969)<\/li><li>010202 \u00dast\u0159edn\u00ed \u00fa\u0159ady a&nbsp;jejich odborn\u00e1 za\u0159\u00edzen\u00ed po&nbsp;roce&nbsp;1918, v&nbsp;\u010cesk\u00e9 socialistick\u00e9 republice (po&nbsp;1. 1.&nbsp;1969)<\/li><\/ul><\/li><li>010300 Odborn\u00e9 organizace a&nbsp;za\u0159\u00edzen\u00ed \u00fast\u0159edn\u00edch \u00fa\u0159ad\u016f<ul><li>010301 Geodezie a kartografie<\/li><li>010302 Katastr\u00e1ln\u00ed \u00fa\u0159ady po roce 1990<\/li><li>010303 Osidlovac\u00ed komise<\/li><li>010304 Statistick\u00e9 \u00fa\u0159ady<\/li><\/ul><\/li><li>010400 S\u010d\u00edtac\u00ed oper\u00e1ty<\/li><\/ul><\/li><li>020000 Politick\u00e1 spr\u00e1va<\/li><\/ul>\n\n\n\n<p>020100 &#8230;<\/p>\n\n\n\n<figure class=\"wp-block-gallery columns-2 is-cropped wp-block-gallery-1 is-layout-flex wp-block-gallery-is-layout-flex\"><ul class=\"blocks-gallery-grid\"><li class=\"blocks-gallery-item\"><figure><a href=\"https:\/\/portaltest.nacr.cz\/cro\/skupiny-tematicke-evidence\/randomarchi_002-1\/\"><img decoding=\"async\" loading=\"lazy\" width=\"300\" height=\"198\" src=\"https:\/\/portaltest.nacr.cz\/cro\/wp-content\/uploads\/2023\/07\/randomArchi_002-1-300x198.png\" alt=\"\" data-id=\"955\" data-full-url=\"https:\/\/portaltest.nacr.cz\/cro\/wp-content\/uploads\/2023\/07\/randomArchi_002-1.png\" data-link=\"https:\/\/portaltest.nacr.cz\/cro\/skupiny-tematicke-evidence\/randomarchi_002-1\/\" class=\"wp-image-955\" srcset=\"https:\/\/portaltest.nacr.cz\/cro\/wp-content\/uploads\/2023\/07\/randomArchi_002-1-300x198.png 300w, https:\/\/portaltest.nacr.cz\/cro\/wp-content\/uploads\/2023\/07\/randomArchi_002-1-1024x677.png 1024w, https:\/\/portaltest.nacr.cz\/cro\/wp-content\/uploads\/2023\/07\/randomArchi_002-1-768x507.png 768w, https:\/\/portaltest.nacr.cz\/cro\/wp-content\/uploads\/2023\/07\/randomArchi_002-1.png 1076w\" sizes=\"(max-width: 300px) 100vw, 300px\" \/><\/a><figcaption class=\"blocks-gallery-item__caption\">Augstini\u00e1ni kanovn\u00edci Fulnek, ZA Opava<\/figcaption><\/figure><\/li><li class=\"blocks-gallery-item\"><figure><a href=\"https:\/\/portaltest.nacr.cz\/cro\/skupiny-tematicke-evidence\/randomarchi_001\/\"><img decoding=\"async\" loading=\"lazy\" width=\"300\" height=\"164\" src=\"https:\/\/portaltest.nacr.cz\/cro\/wp-content\/uploads\/2023\/07\/randomArchi_001-300x164.png\" alt=\"\" data-id=\"950\" data-full-url=\"https:\/\/portaltest.nacr.cz\/cro\/wp-content\/uploads\/2023\/07\/randomArchi_001.png\" data-link=\"https:\/\/portaltest.nacr.cz\/cro\/skupiny-tematicke-evidence\/randomarchi_001\/\" class=\"wp-image-950\" srcset=\"https:\/\/portaltest.nacr.cz\/cro\/wp-content\/uploads\/2023\/07\/randomArchi_001-300x164.png 300w, https:\/\/portaltest.nacr.cz\/cro\/wp-content\/uploads\/2023\/07\/randomArchi_001-1024x558.png 1024w, https:\/\/portaltest.nacr.cz\/cro\/wp-content\/uploads\/2023\/07\/randomArchi_001-768x419.png 768w, https:\/\/portaltest.nacr.cz\/cro\/wp-content\/uploads\/2023\/07\/randomArchi_001.png 1141w\" sizes=\"(max-width: 300px) 100vw, 300px\" \/><\/a><figcaption class=\"blocks-gallery-item__caption\">V\u00fd\u0159ez mapy 3. vojensk\u00e9 mapov\u00e1n\u00ed: D1_21__3956-2<\/figcaption><\/figure><\/li><\/ul><\/figure>\n\n\n\n<p class=\"has-text-align-right\"><a href=\"\/cro\/pro-badatele\/co-a-jak-hledat\/\">&#8230; Co a jak hledat<\/a><\/p>\n\n\n\n<p><\/p>\n","protected":false},"excerpt":{"rendered":"&#8230; Co a jak hledat Skupiny tematick\u00e9 evidence jsou pojmy ozna\u010duj\u00edc\u00ed spole\u010dn\u00e9 znaky ur\u010dit\u00e9ho typu archivn\u00edch soubor\u016f. Zpravidla jde o&nbsp;pojmy v\u00fdznamov\u011b nad\u0159azen\u00e9, obecn\u011bj\u0161\u00ed ne\u017e&nbsp;n\u00e1zvy jednotliv\u00fdch fond\u016f. Jednotliv\u00e9 archivn\u00ed fondy a&nbsp;sb\u00edrky jsou za\u0159azov\u00e1ny do&nbsp;jedn\u00e9 i&nbsp;v\u00edce skupin tematick\u00e9 evidence. V\u00fdhodou t\u011bchto skupin je, \u017ee pomoc\u00ed nich m\u016f\u017eeme hromadn\u011b hledat archivn\u00ed soubory z&nbsp;p\u0159\u00edslu\u0161n\u00e9 skupiny, ani\u017e bychom znali nap\u0159\u00edklad [&hellip;]","protected":false},"author":3,"featured_media":0,"parent":0,"menu_order":0,"comment_status":"closed","ping_status":"closed","template":"page-templates\/page-container.php","meta":{"footnotes":""},"_links":{"self":[{"href":"https:\/\/portaltest.nacr.cz\/cro\/wp-json\/wp\/v2\/pages\/945"}],"collection":[{"href":"https:\/\/portaltest.nacr.cz\/cro\/wp-json\/wp\/v2\/pages"}],"about":[{"href":"https:\/\/portaltest.nacr.cz\/cro\/wp-json\/wp\/v2\/types\/page"}],"author":[{"embeddable":true,"href":"https:\/\/portaltest.nacr.cz\/cro\/wp-json\/wp\/v2\/users\/3"}],"replies":[{"embeddable":true,"href":"https:\/\/portaltest.nacr.cz\/cro\/wp-json\/wp\/v2\/comments?post=945"}],"version-history":[{"count":11,"href":"https:\/\/portaltest.nacr.cz\/cro\/wp-json\/wp\/v2\/pages\/945\/revisions"}],"predecessor-version":[{"id":963,"href":"https:\/\/portaltest.nacr.cz\/cro\/wp-json\/wp\/v2\/pages\/945\/revisions\/963"}],"wp:attachment":[{"href":"https:\/\/portaltest.nacr.cz\/cro\/wp-json\/wp\/v2\/media?parent=945"}],"curies":[{"name":"wp","href":"https:\/\/api.w.org\/{rel}","templated":true}]}}